{"id":5,"date":"2014-05-16T22:44:23","date_gmt":"2014-05-16T20:44:23","guid":{"rendered":"http:\/\/ostsee-hiddensee.de\/wordpress\/?page_id=5"},"modified":"2014-07-18T09:04:01","modified_gmt":"2014-07-18T07:04:01","slug":"home","status":"publish","type":"page","link":"https:\/\/ostsee-hiddensee.de\/?page_id=5","title":{"rendered":"Unterk\u00fcnfte"},"content":{"rendered":"<p>Wir begr\u00fc\u00dfen Sie im Haus 15<br \/>\nHier finden Sie die wichtigsten Informationen zu unseren Unterk\u00fcnften, deren Ausstattung und Preisen.<br \/>\nEinige ausgew\u00e4hlte Bilder vermitteln Ihnen einen kleinen Eindruck von der stillen Sch\u00f6nheit unserer Insel.<br \/>\nLinks zur DB, zum Reisenahverkehr und zur Reederei der Insel Hiddensee, helfen Ihnen dabei , die Insel so angenehm wie m\u00f6glich zu erreichen, damit bereits der Tag der Anreise ein Urlaubstag ist.<\/p>\n<p>Gern beraten wir Sie auch pers\u00f6nlich.<\/p>\n<div class=\"accommodation-wrapper vh_animate_when_almost_visible span9 body-bg\">\n\n\t\t\t<div class=\"modern_accommodations cs-style-3\">\n\t<div class=\"modern_accommodation  span4_5\" >\n\t<figure class=\"no_left_margin  span4_5\">\n\t\t\t\t\t\t\t<img decoding=\"async\" src=\"https:\/\/ostsee-hiddensee.de\/wp-content\/uploads\/2017\/10\/DSC07966-420x284.jpg\" class=\"image-with-border open_entry_image no_left_margin  span4_5\">\n\t\t\t\t<figcaption>\n\t\t\t<h2 class=\"entry-title\"><a href=\"https:\/\/ostsee-hiddensee.de\/?vh_accommodation=ferienhaus\">Ferienhaus<\/a><\/h2>\n\t\t\t<span>Auf 31 m\u00b2 steht Ihnen neben einer offenen K\u00fcche, einem separaten Bad mit Dusche und WC auch all das zur Verf\u00fcgung, was man evtl. F\u00fcr einen verregneten Tag braucht, um sich wohl zu f\u00fchlen.\r\n\r\nab 85,- EUR pro Nacht zzgl. 70,- EUR Endreinigung. Mindestbuchungsdauer 5 \u00dcbernachtungen.\r\n\r\n<a class=\"more\" href=\"?vh_accommodation=ferienhaus\">mehr...<\/a><\/span>\n\t\t\t<a href=\"https:\/\/ostsee-hiddensee.de\/?vh_accommodation=ferienhaus\" class=\"btn hidden-tablet\">Book Now<\/a>\n\t\t<\/figcaption>\n\t<\/figure>\n<\/div>\n\t<div class=\"modern_accommodation  span4_5\" >\n\t<figure class=\"no_left_margin  span4_5\">\n\t\t\t\t\t\t\t<img decoding=\"async\" src=\"https:\/\/ostsee-hiddensee.de\/wp-content\/uploads\/2014\/06\/80.jpg\" class=\"image-with-border open_entry_image no_left_margin  span4_5\">\n\t\t\t\t<figcaption>\n\t\t\t<h2 class=\"entry-title\"><a href=\"https:\/\/ostsee-hiddensee.de\/?vh_accommodation=doppelzimmer-einfach\">Ferienzimmer<\/a><\/h2>\n\t\t\t<span>Gem\u00fctliches Ferienzimmer mit 140er Bett l\u00e4dt zu entspanntem Urlaub ein.\r\n\r\nab 55,- EUR pro Nacht zzgl. 50,- EUR Endreinigung. Mindestbuchungsdauer 5 \u00dcbernachtungen.\r\n\r\n<a class=\"more\" href=\"?vh_accommodation=doppelzimmer-einfach\">mehr...<\/a><\/span>\n\t\t\t<a href=\"https:\/\/ostsee-hiddensee.de\/?vh_accommodation=doppelzimmer-einfach\" class=\"btn hidden-tablet\">Book Now<\/a>\n\t\t<\/figcaption>\n\t<\/figure>\n<\/div>\n\t<div class=\"modern_accommodation  span4_5\" >\n\t<figure class=\"no_left_margin  span4_5\">\n\t\t\t\t\t\t\t<img decoding=\"async\" src=\"https:\/\/ostsee-hiddensee.de\/wp-content\/uploads\/2014\/06\/33.jpg\" class=\"image-with-border open_entry_image no_left_margin  span4_5\">\n\t\t\t\t<figcaption>\n\t\t\t<h2 class=\"entry-title\"><a href=\"https:\/\/ostsee-hiddensee.de\/?vh_accommodation=doppelzimmer\">Doppelzimmer<\/a><\/h2>\n\t\t\t<span>Komfortabler Wohn- und Schlafraum inkl. Radio, Sat TV, Dusche im Nebengeb\u00e4ude, Kaffeemaschine, Toaster, Wasserkocher, Mikrowelle, Bettw\u00e4sche, Handt\u00fccher, K\u00fchlschrank und WC auf der Etage.\r\n\r\nab 55,- EUR pro Nacht zzgl. 50,- EUR Endreinigung. Mindestbuchungsdauer 5 \u00dcbernachtungen.\r\n\r\n<a class=\"more\" href=\"?vh_accommodation=doppelzimmer\">mehr...<\/a><\/span>\n\t\t\t<a href=\"https:\/\/ostsee-hiddensee.de\/?vh_accommodation=doppelzimmer\" class=\"btn hidden-tablet\">Book Now<\/a>\n\t\t<\/figcaption>\n\t<\/figure>\n<\/div>\n\t<div class=\"modern_accommodation  span4_5\" >\n\t<figure class=\"no_left_margin  span4_5\">\n\t\t\t\t\t\t\t<img decoding=\"async\" src=\"https:\/\/ostsee-hiddensee.de\/wp-content\/uploads\/2014\/06\/image21-420x284.jpeg\" class=\"image-with-border open_entry_image no_left_margin  span4_5\">\n\t\t\t\t<figcaption>\n\t\t\t<h2 class=\"entry-title\"><a href=\"https:\/\/ostsee-hiddensee.de\/?vh_accommodation=ferienwohnung\">Ferienwohnung<\/a><\/h2>\n\t\t\t<span>Moderne Ferienwohnung mit komfortablem Wohn- und Schlafraum, einer K\u00fcche und einem Bad.\r\n\r\nab 85,- EUR pro Nacht zzgl. 70,- EUR Endreinigung. Mindestbuchungsdauer 5 \u00dcbernachtungen.\r\n\r\n<a class=\"more\" href=\"?vh_accommodation=ferienwohnung\">mehr...<\/a><\/span>\n\t\t\t<a href=\"https:\/\/ostsee-hiddensee.de\/?vh_accommodation=ferienwohnung\" class=\"btn hidden-tablet\">Book Now<\/a>\n\t\t<\/figcaption>\n\t<\/figure>\n<\/div>\n\t\t\t\t<\/div><!-- end of modern_accommodations -->\n\t\t<div class=\"clearfix\"><\/div>\n<\/div><div class=\"clearfix\"><\/div>\n","protected":false},"excerpt":{"rendered":"<p>Wir begr\u00fc\u00dfen Sie im Haus 15 Hier finden Sie die wichtigsten Informationen zu unseren Unterk\u00fcnften, deren Ausstattung und Preisen. Einige ausgew\u00e4hlte Bilder vermitteln Ihnen einen kleinen Eindruck von der stillen Sch\u00f6nheit unserer Insel. Links zur DB, zum Reisenahverkehr und &hellip; <\/p>\n<p><a href=\"https:\/\/ostsee-hiddensee.de\/?vh_accommodation=ferienwohnung\" class=\"read_more_link\">Read more<\/a><\/p>\n","protected":false},"author":1,"featured_media":0,"parent":0,"menu_order":0,"comment_status":"open","ping_status":"open","template":"","meta":{"footnotes":""},"class_list":["post-5","page","type-page","status-publish","hentry"],"_links":{"self":[{"href":"https:\/\/ostsee-hiddensee.de\/index.php?rest_route=\/wp\/v2\/pages\/5","targetHints":{"allow":["GET"]}}],"collection":[{"href":"https:\/\/ostsee-hiddensee.de\/index.php?rest_route=\/wp\/v2\/pages"}],"about":[{"href":"https:\/\/ostsee-hiddensee.de\/index.php?rest_route=\/wp\/v2\/types\/page"}],"author":[{"embeddable":true,"href":"https:\/\/ostsee-hiddensee.de\/index.php?rest_route=\/wp\/v2\/users\/1"}],"replies":[{"embeddable":true,"href":"https:\/\/ostsee-hiddensee.de\/index.php?rest_route=%2Fwp%2Fv2%2Fcomments&post=5"}],"version-history":[{"count":5,"href":"https:\/\/ostsee-hiddensee.de\/index.php?rest_route=\/wp\/v2\/pages\/5\/revisions"}],"predecessor-version":[{"id":113,"href":"https:\/\/ostsee-hiddensee.de\/index.php?rest_route=\/wp\/v2\/pages\/5\/revisions\/113"}],"wp:attachment":[{"href":"https:\/\/ostsee-hiddensee.de\/index.php?rest_route=%2Fwp%2Fv2%2Fmedia&parent=5"}],"curies":[{"name":"wp","href":"https:\/\/api.w.org\/{rel}","templated":true}]}}