{"id":36,"date":"2014-05-16T23:18:51","date_gmt":"2014-05-16T21:18:51","guid":{"rendered":"http:\/\/ostsee-hiddensee.de\/wordpress\/?page_id=36"},"modified":"2025-02-05T22:20:00","modified_gmt":"2025-02-05T20:20:00","slug":"anreise","status":"publish","type":"page","link":"https:\/\/ostsee-hiddensee.de\/?page_id=36","title":{"rendered":"Anreise"},"content":{"rendered":"<div class=\"two_thirds\"><p>Hiddensee kann nur mit dem Schiff erreicht werden.<br \/>\nSie haben die M\u00f6glichkeit, \u00fcber Stralsund oder<br \/>\nSchaprode auf die Insel zu gelangen.<\/p>\n<p>Mit dem Pkw bietet sich die Anreise \u00fcber Schaprode<br \/>\nwegen der besseren Parkm\u00f6glichkeiten an.<\/p>\n<p>Wegbeschreibung Stralsund &#8211; Schaprode:<\/p>\n<p>Fahren Sie auf der B96 \u00fcber die R\u00fcgendammbr\u00fccke bis nach<br \/>\nSamtens. Dort angekommen biegen Sie links -Richtung<br \/>\nGingst- ab. Folgen Sie nun den Wegweisern nach Trent.<br \/>\nIn Trent folgen Sie der Hauptstrasse, um direkt nach<br \/>\nSchaprode zu gelangen.<br \/>\nDer Hafen und die Parkpl\u00e4tze sind dort ausgeschildert.<\/p>\n<p>Entscheiden Sie sich f\u00fcr die \u00dcberfahrt von Stralsund, finden Sie \u00fcberall in der Hansestadt Schilder, die<br \/>\nSie sicher zum Hafen f\u00fchren.<\/p>\n<p>Um Ihnen die Anreiseplanung etwas zu erleichtern, haben wir f\u00fcr Sie folgende Links eingerichtet:<\/p>\n<p><a title=\"Deutsche Bahn\" href=\"http:\/\/www.bahn.de\" target=\"_blank\" rel=\"noopener\">Deutsche Bahn<\/a><br \/>\n<a title=\"Reederei Hiddensee\" href=\"http:\/\/www.reederei-hiddensee.de\" target=\"_blank\" rel=\"noopener\">Reederei Hiddensee<\/a><br \/>\n<a title=\"RPNV\" href=\"https:\/\/www.vvr-bus.de\/bediengebiete\/ruegen\/fahrplan\/\" target=\"_blank\" rel=\"noopener\">Verkehrsgesellschaft Vorpommern-R\u00fcgen mbH (VVR)<\/a><br \/><\/div>\n<div class=\"one_third column-last\"><a href=\"http:\/\/ostsee-hiddensee.de\/wordpress\/wp-content\/uploads\/2014\/05\/7.jpg\"><img loading=\"lazy\" decoding=\"async\" class=\"alignnone size-thumbnail wp-image-127\" src=\"http:\/\/ostsee-hiddensee.de\/wordpress\/wp-content\/uploads\/2014\/05\/7-150x150.jpg\" alt=\"7\" width=\"150\" height=\"150\" srcset=\"https:\/\/ostsee-hiddensee.de\/wp-content\/uploads\/2014\/05\/7-150x150.jpg 150w, https:\/\/ostsee-hiddensee.de\/wp-content\/uploads\/2014\/05\/7-270x270.jpg 270w, https:\/\/ostsee-hiddensee.de\/wp-content\/uploads\/2014\/05\/7-125x125.jpg 125w, https:\/\/ostsee-hiddensee.de\/wp-content\/uploads\/2014\/05\/7-70x70.jpg 70w\" sizes=\"auto, (max-width: 150px) 100vw, 150px\" \/><br \/>\n<\/a> <a href=\"http:\/\/ostsee-hiddensee.de\/wordpress\/wp-content\/uploads\/2014\/05\/9.jpg\"><img loading=\"lazy\" decoding=\"async\" class=\"alignnone size-thumbnail wp-image-128\" src=\"http:\/\/ostsee-hiddensee.de\/wordpress\/wp-content\/uploads\/2014\/05\/9-150x150.jpg\" alt=\"9\" width=\"150\" height=\"150\" srcset=\"https:\/\/ostsee-hiddensee.de\/wp-content\/uploads\/2014\/05\/9-150x150.jpg 150w, https:\/\/ostsee-hiddensee.de\/wp-content\/uploads\/2014\/05\/9-270x270.jpg 270w, https:\/\/ostsee-hiddensee.de\/wp-content\/uploads\/2014\/05\/9-125x125.jpg 125w, https:\/\/ostsee-hiddensee.de\/wp-content\/uploads\/2014\/05\/9-70x70.jpg 70w\" sizes=\"auto, (max-width: 150px) 100vw, 150px\" \/><br \/>\n<\/a> <a href=\"http:\/\/ostsee-hiddensee.de\/wordpress\/wp-content\/uploads\/2014\/05\/86.jpg\"><img loading=\"lazy\" decoding=\"async\" class=\"alignnone size-thumbnail wp-image-129\" src=\"http:\/\/ostsee-hiddensee.de\/wordpress\/wp-content\/uploads\/2014\/05\/86-150x150.jpg\" alt=\"86\" width=\"150\" height=\"150\" srcset=\"https:\/\/ostsee-hiddensee.de\/wp-content\/uploads\/2014\/05\/86-150x150.jpg 150w, https:\/\/ostsee-hiddensee.de\/wp-content\/uploads\/2014\/05\/86-270x270.jpg 270w, https:\/\/ostsee-hiddensee.de\/wp-content\/uploads\/2014\/05\/86-125x125.jpg 125w, https:\/\/ostsee-hiddensee.de\/wp-content\/uploads\/2014\/05\/86-70x70.jpg 70w\" sizes=\"auto, (max-width: 150px) 100vw, 150px\" \/><br \/>\n<\/a> <a href=\"http:\/\/ostsee-hiddensee.de\/wordpress\/wp-content\/uploads\/2014\/05\/89.jpg\"><img loading=\"lazy\" decoding=\"async\" class=\"alignnone size-thumbnail wp-image-130\" src=\"http:\/\/ostsee-hiddensee.de\/wordpress\/wp-content\/uploads\/2014\/05\/89-150x150.jpg\" alt=\"89\" width=\"150\" height=\"150\" srcset=\"https:\/\/ostsee-hiddensee.de\/wp-content\/uploads\/2014\/05\/89-150x150.jpg 150w, https:\/\/ostsee-hiddensee.de\/wp-content\/uploads\/2014\/05\/89-270x270.jpg 270w, https:\/\/ostsee-hiddensee.de\/wp-content\/uploads\/2014\/05\/89-125x125.jpg 125w, https:\/\/ostsee-hiddensee.de\/wp-content\/uploads\/2014\/05\/89-70x70.jpg 70w\" sizes=\"auto, (max-width: 150px) 100vw, 150px\" \/><\/a><br \/><\/div>\n\t\t\t<div class=\"clearer\"><\/div>\n<p>&nbsp;<\/p>\n","protected":false},"excerpt":{"rendered":"<p>&nbsp;<\/p>\n","protected":false},"author":1,"featured_media":0,"parent":0,"menu_order":0,"comment_status":"open","ping_status":"open","template":"","meta":{"footnotes":""},"class_list":["post-36","page","type-page","status-publish","hentry"],"_links":{"self":[{"href":"https:\/\/ostsee-hiddensee.de\/index.php?rest_route=\/wp\/v2\/pages\/36","targetHints":{"allow":["GET"]}}],"collection":[{"href":"https:\/\/ostsee-hiddensee.de\/index.php?rest_route=\/wp\/v2\/pages"}],"about":[{"href":"https:\/\/ostsee-hiddensee.de\/index.php?rest_route=\/wp\/v2\/types\/page"}],"author":[{"embeddable":true,"href":"https:\/\/ostsee-hiddensee.de\/index.php?rest_route=\/wp\/v2\/users\/1"}],"replies":[{"embeddable":true,"href":"https:\/\/ostsee-hiddensee.de\/index.php?rest_route=%2Fwp%2Fv2%2Fcomments&post=36"}],"version-history":[{"count":17,"href":"https:\/\/ostsee-hiddensee.de\/index.php?rest_route=\/wp\/v2\/pages\/36\/revisions"}],"predecessor-version":[{"id":342,"href":"https:\/\/ostsee-hiddensee.de\/index.php?rest_route=\/wp\/v2\/pages\/36\/revisions\/342"}],"wp:attachment":[{"href":"https:\/\/ostsee-hiddensee.de\/index.php?rest_route=%2Fwp%2Fv2%2Fmedia&parent=36"}],"curies":[{"name":"wp","href":"https:\/\/api.w.org\/{rel}","templated":true}]}}