{"id":28,"date":"2014-05-16T23:17:20","date_gmt":"2014-05-16T21:17:20","guid":{"rendered":"http:\/\/ostsee-hiddensee.de\/wordpress\/?page_id=28"},"modified":"2022-11-15T10:46:08","modified_gmt":"2022-11-15T08:46:08","slug":"haus-15","status":"publish","type":"page","link":"https:\/\/ostsee-hiddensee.de\/","title":{"rendered":"Haus 15"},"content":{"rendered":"\n<p><\/br><\/p>\n<p>Sie finden unser Haus in zentraler Lage im Ortsteil Vitte. Es liegt nur wenige Minuten vom Hafen und dem Meer entfernt. Bis zu einer nahen Einkaufsm\u00f6glichkeit (Edeka Markt) sind es nur 2 Minuten. Am Haus laden Gartenm\u00f6bel zum Entspannen ein.<\/p>\n<p>Als Unterkunftsm\u00f6glichkeiten bieten wir Ihnen ein modern ausgestattetes Ferienhaus, eine Ferienwohnung f\u00fcr zwei Personen und zwei gem\u00fctlich eingerichtete Doppelzimmer.<br \/>\n<\/br><\/p>\n<div class=\"accommodation-wrapper vh_animate_when_almost_visible span9 body-bg\">\n\n\t\t\t<div class=\"modern_accommodations cs-style-3\">\n\t<div class=\"modern_accommodation  span4_5\" >\n\t<figure class=\"no_left_margin  span4_5\">\n\t\t\t\t\t\t\t<img decoding=\"async\" src=\"https:\/\/ostsee-hiddensee.de\/wp-content\/uploads\/2017\/10\/DSC07966-420x284.jpg\" class=\"image-with-border open_entry_image no_left_margin  span4_5\">\n\t\t\t\t<figcaption>\n\t\t\t<h2 class=\"entry-title\"><a href=\"https:\/\/ostsee-hiddensee.de\/?vh_accommodation=ferienhaus\">Ferienhaus<\/a><\/h2>\n\t\t\t<span>Auf 31 m\u00b2 steht Ihnen neben einer offenen K\u00fcche, einem separaten Bad mit Dusche und WC auch all das zur Verf\u00fcgung, was man evtl. F\u00fcr einen verregneten Tag braucht, um sich wohl zu f\u00fchlen.\r\n\r\nab 85,- EUR pro Nacht zzgl. 70,- EUR Endreinigung. Mindestbuchungsdauer 5 \u00dcbernachtungen.\r\n\r\n<a class=\"more\" href=\"?vh_accommodation=ferienhaus\">mehr...<\/a><\/span>\n\t\t\t<a href=\"https:\/\/ostsee-hiddensee.de\/?vh_accommodation=ferienhaus\" class=\"btn hidden-tablet\">Book Now<\/a>\n\t\t<\/figcaption>\n\t<\/figure>\n<\/div>\n\t<div class=\"modern_accommodation  span4_5\" >\n\t<figure class=\"no_left_margin  span4_5\">\n\t\t\t\t\t\t\t<img decoding=\"async\" src=\"https:\/\/ostsee-hiddensee.de\/wp-content\/uploads\/2014\/06\/80.jpg\" class=\"image-with-border open_entry_image no_left_margin  span4_5\">\n\t\t\t\t<figcaption>\n\t\t\t<h2 class=\"entry-title\"><a href=\"https:\/\/ostsee-hiddensee.de\/?vh_accommodation=doppelzimmer-einfach\">Ferienzimmer<\/a><\/h2>\n\t\t\t<span>Gem\u00fctliches Ferienzimmer mit 140er Bett l\u00e4dt zu entspanntem Urlaub ein.\r\n\r\nab 55,- EUR pro Nacht zzgl. 50,- EUR Endreinigung. Mindestbuchungsdauer 5 \u00dcbernachtungen.\r\n\r\n<a class=\"more\" href=\"?vh_accommodation=doppelzimmer-einfach\">mehr...<\/a><\/span>\n\t\t\t<a href=\"https:\/\/ostsee-hiddensee.de\/?vh_accommodation=doppelzimmer-einfach\" class=\"btn hidden-tablet\">Book Now<\/a>\n\t\t<\/figcaption>\n\t<\/figure>\n<\/div>\n\t<div class=\"modern_accommodation  span4_5\" >\n\t<figure class=\"no_left_margin  span4_5\">\n\t\t\t\t\t\t\t<img decoding=\"async\" src=\"https:\/\/ostsee-hiddensee.de\/wp-content\/uploads\/2014\/06\/33.jpg\" class=\"image-with-border open_entry_image no_left_margin  span4_5\">\n\t\t\t\t<figcaption>\n\t\t\t<h2 class=\"entry-title\"><a href=\"https:\/\/ostsee-hiddensee.de\/?vh_accommodation=doppelzimmer\">Doppelzimmer<\/a><\/h2>\n\t\t\t<span>Komfortabler Wohn- und Schlafraum inkl. Radio, Sat TV, Dusche im Nebengeb\u00e4ude, Kaffeemaschine, Toaster, Wasserkocher, Mikrowelle, Bettw\u00e4sche, Handt\u00fccher, K\u00fchlschrank und WC auf der Etage.\r\n\r\nab 55,- EUR pro Nacht zzgl. 50,- EUR Endreinigung. Mindestbuchungsdauer 5 \u00dcbernachtungen.\r\n\r\n<a class=\"more\" href=\"?vh_accommodation=doppelzimmer\">mehr...<\/a><\/span>\n\t\t\t<a href=\"https:\/\/ostsee-hiddensee.de\/?vh_accommodation=doppelzimmer\" class=\"btn hidden-tablet\">Book Now<\/a>\n\t\t<\/figcaption>\n\t<\/figure>\n<\/div>\n\t<div class=\"modern_accommodation  span4_5\" >\n\t<figure class=\"no_left_margin  span4_5\">\n\t\t\t\t\t\t\t<img decoding=\"async\" src=\"https:\/\/ostsee-hiddensee.de\/wp-content\/uploads\/2014\/06\/image21-420x284.jpeg\" class=\"image-with-border open_entry_image no_left_margin  span4_5\">\n\t\t\t\t<figcaption>\n\t\t\t<h2 class=\"entry-title\"><a href=\"https:\/\/ostsee-hiddensee.de\/?vh_accommodation=ferienwohnung\">Ferienwohnung<\/a><\/h2>\n\t\t\t<span>Moderne Ferienwohnung mit komfortablem Wohn- und Schlafraum, einer K\u00fcche und einem Bad.\r\n\r\nab 85,- EUR pro Nacht zzgl. 70,- EUR Endreinigung. Mindestbuchungsdauer 5 \u00dcbernachtungen.\r\n\r\n<a class=\"more\" href=\"?vh_accommodation=ferienwohnung\">mehr...<\/a><\/span>\n\t\t\t<a href=\"https:\/\/ostsee-hiddensee.de\/?vh_accommodation=ferienwohnung\" class=\"btn hidden-tablet\">Book Now<\/a>\n\t\t<\/figcaption>\n\t<\/figure>\n<\/div>\n\t\t\t\t<\/div><!-- end of modern_accommodations -->\n\t\t<div class=\"clearfix\"><\/div>\n<\/div><div class=\"clearfix\"><\/div>\n","protected":false},"excerpt":{"rendered":"<p>Sie finden unser Haus in zentraler Lage im Ortsteil Vitte. Es liegt nur wenige Minuten vom Hafen und dem Meer entfernt. Bis zu einer nahen Einkaufsm\u00f6glichkeit (Edeka Markt) sind es nur 2 Minuten. Am Haus laden Gartenm\u00f6bel zum Entspannen &hellip; <\/p>\n<p><a href=\"https:\/\/ostsee-hiddensee.de\/?vh_accommodation=ferienwohnung\" class=\"read_more_link\">Read more<\/a><\/p>\n","protected":false},"author":1,"featured_media":0,"parent":0,"menu_order":0,"comment_status":"open","ping_status":"open","template":"","meta":{"footnotes":""},"class_list":["post-28","page","type-page","status-publish","hentry"],"_links":{"self":[{"href":"https:\/\/ostsee-hiddensee.de\/index.php?rest_route=\/wp\/v2\/pages\/28","targetHints":{"allow":["GET"]}}],"collection":[{"href":"https:\/\/ostsee-hiddensee.de\/index.php?rest_route=\/wp\/v2\/pages"}],"about":[{"href":"https:\/\/ostsee-hiddensee.de\/index.php?rest_route=\/wp\/v2\/types\/page"}],"author":[{"embeddable":true,"href":"https:\/\/ostsee-hiddensee.de\/index.php?rest_route=\/wp\/v2\/users\/1"}],"replies":[{"embeddable":true,"href":"https:\/\/ostsee-hiddensee.de\/index.php?rest_route=%2Fwp%2Fv2%2Fcomments&post=28"}],"version-history":[{"count":8,"href":"https:\/\/ostsee-hiddensee.de\/index.php?rest_route=\/wp\/v2\/pages\/28\/revisions"}],"predecessor-version":[{"id":317,"href":"https:\/\/ostsee-hiddensee.de\/index.php?rest_route=\/wp\/v2\/pages\/28\/revisions\/317"}],"wp:attachment":[{"href":"https:\/\/ostsee-hiddensee.de\/index.php?rest_route=%2Fwp%2Fv2%2Fmedia&parent=28"}],"curies":[{"name":"wp","href":"https:\/\/api.w.org\/{rel}","templated":true}]}}