{"id":191,"date":"2014-07-17T16:55:12","date_gmt":"2014-07-17T14:55:12","guid":{"rendered":"http:\/\/ostsee-hiddensee.de\/wordpress\/?page_id=191"},"modified":"2022-11-15T12:04:06","modified_gmt":"2022-11-15T10:04:06","slug":"impressum","status":"publish","type":"page","link":"https:\/\/ostsee-hiddensee.de\/?page_id=191","title":{"rendered":"Impressum"},"content":{"rendered":"<div style=\"word-wrap: break-word;\"><h1>Impressum<\/h1>\n\n<p>Sylvia Habrich<br \/>\nPension Haus 15<br \/>\nWiesenweg 15<br \/>\n18565 Hiddensee<\/p>\n\n<h2>Kontakt<\/h2>\n<p>Telefon: +49 038300 469<br \/>\nTelefax: +49 038300 469<br \/>\nE-Mail: sylviahabrich@t-online.de<\/p>\n\n<h2>Verbraucher&shy;streit&shy;beilegung\/Universal&shy;schlichtungs&shy;stelle<\/h2>\n<p>Wir sind nicht bereit oder verpflichtet, an Streitbeilegungsverfahren vor einer Verbraucherschlichtungsstelle teilzunehmen.<\/p><\/div>\n<hr \/>\n<p><strong>Satz | Layout<\/strong><\/p>\n<p>GSI DESIGN<\/p>\n<p>Robert Heimann<br \/>\nK\u00f6nigsbr\u00fccker Landstra\u00dfe 327<br \/>\nD-01108 Dresden | Sachsen<br \/>\nFon +49 351 . 5011620<br \/>\nFax +49 351 . 5011622<\/p>\n<p><strong>Foto(s) Copyright<\/strong>:<br \/>\nMarcel Dorow<br \/>\nMail webmaster[at]gsi-design.de<br \/>\nWeb\u00a0<a href=\"https:\/\/3c.web.de\/mail\/client\/dereferrer?redirectUrl=http%3A%2F%2Fwww.gsi-design.de\">www.gsi-design.de<\/a><\/p>\n<p><strong>Programmierung:<\/strong><br \/>\nMartin Kunitzsch<\/p>\n<p>&nbsp;<\/p>\n<p><strong>Keine Abmahnung ohne vorherigen Kontakt !<\/strong><\/p>\n<p>Sollten Inhalt oder Aufmachung dieser Website Rechte Dritter oder gesetzliche Bestimmungen verletzen, bitten wir um Benachrichtigung ohne Ausstellung einer Kostennote. Zu Recht beanstandeten Passagen werden unverz\u00fcglich entfernt, so dass die Einschaltung eines Rechtsbeistandes nicht erforderlich ist. Dennoch von Ihnen ohne vorherige Kontaktaufnahme ausgel\u00f6ste Kosten werden wir vollumf\u00e4nglich zur\u00fcckweisen und u. U. Gegenklage wegen Verletzung der vorgenannter Bestimmungen einreichen.<\/p>\n","protected":false},"excerpt":{"rendered":"<p>Satz | Layout GSI DESIGN Robert Heimann K\u00f6nigsbr\u00fccker Landstra\u00dfe 327 D-01108 Dresden | Sachsen Fon +49 351 . 5011620 Fax +49 351 . 5011622 Foto(s) Copyright: Marcel Dorow Mail webmaster[at]gsi-design.de Web\u00a0www.gsi-design.de Programmierung: Martin Kunitzsch &nbsp; Keine Abmahnung ohne vorherigen &hellip; <\/p>\n<p><a href=\"https:\/\/ostsee-hiddensee.de\/?page_id=191\" class=\"read_more_link\">Read more<\/a><\/p>\n","protected":false},"author":1,"featured_media":0,"parent":0,"menu_order":0,"comment_status":"open","ping_status":"open","template":"","meta":{"footnotes":""},"class_list":["post-191","page","type-page","status-publish","hentry"],"_links":{"self":[{"href":"https:\/\/ostsee-hiddensee.de\/index.php?rest_route=\/wp\/v2\/pages\/191","targetHints":{"allow":["GET"]}}],"collection":[{"href":"https:\/\/ostsee-hiddensee.de\/index.php?rest_route=\/wp\/v2\/pages"}],"about":[{"href":"https:\/\/ostsee-hiddensee.de\/index.php?rest_route=\/wp\/v2\/types\/page"}],"author":[{"embeddable":true,"href":"https:\/\/ostsee-hiddensee.de\/index.php?rest_route=\/wp\/v2\/users\/1"}],"replies":[{"embeddable":true,"href":"https:\/\/ostsee-hiddensee.de\/index.php?rest_route=%2Fwp%2Fv2%2Fcomments&post=191"}],"version-history":[{"count":10,"href":"https:\/\/ostsee-hiddensee.de\/index.php?rest_route=\/wp\/v2\/pages\/191\/revisions"}],"predecessor-version":[{"id":324,"href":"https:\/\/ostsee-hiddensee.de\/index.php?rest_route=\/wp\/v2\/pages\/191\/revisions\/324"}],"wp:attachment":[{"href":"https:\/\/ostsee-hiddensee.de\/index.php?rest_route=%2Fwp%2Fv2%2Fmedia&parent=191"}],"curies":[{"name":"wp","href":"https:\/\/api.w.org\/{rel}","templated":true}]}}